{"id":570,"date":"2025-11-05T15:15:44","date_gmt":"2025-11-05T14:15:44","guid":{"rendered":"https:\/\/lereboulet-courtage.com\/index.php\/notre-engagement\/"},"modified":"2025-11-13T17:59:04","modified_gmt":"2025-11-13T16:59:04","slug":"notre-engagement","status":"publish","type":"page","link":"https:\/\/lereboulet-courtage.com\/index.php\/notre-engagement\/","title":{"rendered":"Notre engagement"},"content":{"rendered":"<section class=\"bde-section-570-100 bde-section\">\n              \n  \n\t\n\n  <div class=\"section-background-overlay\"><\/div>\n\n\n<div class=\"section-container\"><div class=\"bde-div-570-101 bde-div\">\n  \n\t\n\n\n\n<h1 class=\"bde-heading-570-102 bde-heading\">\nNotre engagement ESG\n<\/h1><div class=\"bde-div-570-103 bde-div\">\n  \n\t\n\n\n\n<div class=\"bde-button-570-104 bde-button\">\n    \n                                    \n    \n    \n    \n    \n            \n                    \n            \n            \n\n    \n    \n    \n    \n    \n    <a class=\"breakdance-link button-atom button-atom--primary bde-button__button\" href=\"https:\/\/lereboulet-courtage.com\/index.php\/contact\/\" target=\"_self\" data-type=\"url\"  >\n\n    \n        <span class=\"button-atom__text\">Contact<\/span>\n\n        \n        \n                <\/a>\n\n    \n\n\n<\/div><div class=\"bde-button-570-105 bde-button\">\n    \n                                    \n    \n    \n    \n    \n            \n                    \n            \n            \n\n    \n    \n    \n    \n    \n    <a class=\"breakdance-link button-atom button-atom--secondary bde-button__button\" href=\"#go\" target=\"_self\" data-type=\"url\"  >\n\n    \n        <span class=\"button-atom__text\">En savoir plus<\/span>\n\n        \n        \n                <\/a>\n\n    \n\n\n<\/div>\n<\/div>\n<\/div><\/div>\n<\/section><section id=\"go\" class=\"bde-section-570-140 bde-section\">\n  \n\t\n\n\n\n<div class=\"section-container\"><div class=\"bde-div-570-141 bde-div\">\n  \n\t\n\n\n\n<div class=\"bde-div-570-142 bde-div\" data-entrance=\"fade\">\n  \n\t\n\n\n\n<h5 class=\"bde-heading-570-143 bde-heading\">\n\n<\/h5><h2 class=\"bde-heading-570-144 bde-heading\">\nUne conviction qui nous relie \u00e0 l'essentiel\n<\/h2>\n<\/div>\n<\/div><div class=\"bde-columns-570-150 bde-columns\"><div class=\"bde-column-570-151 bde-column\">\n  \n\t\n\n\n\n<div class=\"bde-div-570-148 bde-div\" data-entrance=\"fade\">\n  \n\t\n\n\n\n\n<\/div>\n<\/div><div class=\"bde-column-570-152 bde-column\">\n  \n\t\n\n\n\n<div class=\"bde-div-570-153 bde-div\" data-entrance=\"fade\">\n  \n\t\n\n\n\n<div class=\"bde-text-570-145 bde-text\">\nChez Lereboulet Courtage, nous sommes convaincus qu'un investissement responsable doit cr\u00e9er de la valeur \u00e0 la fois pour nos clients et pour la plan\u00e8te.<br><br>Notre d\u00e9marche ESG (Environnemental, Social, Gouvernance) s'exprime \u00e0 travers des actions concr\u00e8tes, locales et mesurables, qui traduisent notre volont\u00e9 d'allier performance et conscience.<br><br>Chaque projet d'investissement devient ainsi une occasion d'agir positivement, en soutenant la biodiversit\u00e9 et l'\u00e9conomie locale.<br><br>Pour nous, investir, c'est semer des valeurs durables.<br><br>Nos recommandations sont guid\u00e9es par un questionnaire ESG, con\u00e7u pour refl\u00e9ter les valeurs et priorit\u00e9s de chaque client.\n<\/div>\n<\/div>\n<\/div><\/div><\/div>\n<\/section><section id=\"go\" class=\"bde-section-570-155 bde-section\">\n  \n\t\n\n\n\n<div class=\"section-container\"><div class=\"bde-div-570-156 bde-div\">\n  \n\t\n\n\n\n<div class=\"bde-div-570-157 bde-div\" data-entrance=\"fade\">\n  \n\t\n\n\n\n<h2 class=\"bde-heading-570-159 bde-heading\">\nPr\u00e9server la nature, un client \u00e0 la fois\n<\/h2>\n<\/div>\n<\/div><div class=\"bde-columns-570-160 bde-columns\"><div class=\"bde-column-570-161 bde-column\">\n  \n\t\n\n\n\n<div class=\"bde-text-570-165 bde-text\">\n\u00c0 partir de 10 000 \u20ac de placement, nous offrons \u00e0 chaque client un nichoir pour oiseaux r\u00e9alis\u00e9 \u00e0 la main par un artisan de Volkrange.<br><br>Ce geste symbolique illustre notre mani\u00e8re de conjuguer croissance financi\u00e8re et respect du vivant.<br><br>Chaque nichoir est install\u00e9 localement, cr\u00e9ant un refuge s\u00fbr pour les esp\u00e8ces d'oiseaux de la r\u00e9gion et un lien concret entre vos investissements et la nature.\n<\/div>\n<\/div><div class=\"bde-column-570-163 bde-column\">\n  \n\t\n\n\n\n<div class=\"bde-div-570-164 bde-div\" data-entrance=\"fade\">\n  \n\t\n\n\n\n<div class=\"bde-div-570-162 bde-div\" data-entrance=\"fade\">\n  \n\t\n\n\n\n\n<\/div>\n<\/div>\n<\/div><\/div><\/div>\n<\/section><section id=\"go\" class=\"bde-section-570-166 bde-section\">\n  \n\t\n\n\n\n<div class=\"section-container\"><div class=\"bde-div-570-167 bde-div\">\n  \n\t\n\n\n\n<div class=\"bde-div-570-168 bde-div\" data-entrance=\"fade\">\n  \n\t\n\n\n\n<h5 class=\"bde-heading-570-169 bde-heading\">\n\n<\/h5><h2 class=\"bde-heading-570-170 bde-heading\">\nL'artisanat comme vecteur de sens\n<\/h2>\n<\/div>\n<\/div><div class=\"bde-columns-570-171 bde-columns\"><div class=\"bde-column-570-172 bde-column\">\n  \n\t\n\n\n\n<div class=\"bde-div-570-173 bde-div\" data-entrance=\"fade\">\n  \n\t\n\n\n\n\n<\/div>\n<\/div><div class=\"bde-column-570-174 bde-column\">\n  \n\t\n\n\n\n<div class=\"bde-div-570-175 bde-div\" data-entrance=\"fade\">\n  \n\t\n\n\n\n<div class=\"bde-div-570-178 bde-div\">\n  \n\t\n\n\n\n<h2 class=\"bde-heading-570-177 bde-heading\">\nArtisan partenaire : Jo\u00ebl Nospeld\n<\/h2><div class=\"bde-text-570-180 bde-text\">\nMenuisier passionn\u00e9, Jo\u00ebl fabrique chaque nichoir dans son atelier de Volkrange avec des mat\u00e9riaux issus de for\u00eats g\u00e9r\u00e9es durablement.<br><br>Son savoir-faire et son attachement \u00e0 l'environnement refl\u00e8tent parfaitement nos valeurs : qualit\u00e9, authenticit\u00e9 et respect du territoire.<br><br>Nous privil\u00e9gions les circuits courts et les partenariats humains, pour que chaque geste compte dans une logique de proximit\u00e9 et de durabilit\u00e9.\n<\/div><h2 class=\"bde-heading-570-179 bde-heading\">\nL'ESG au c\u0153ur de notre strat\u00e9gie\n<\/h2><div class=\"bde-text-570-176 bde-text\">\nL'engagement ESG de Lereboulet Courtage ne se limite pas \u00e0 une initiative ponctuelle \u2014 c'est un principe directeur de notre fa\u00e7on d'exercer notre m\u00e9tier.<br>Il influence nos choix, notre organisation et notre mani\u00e8re d'accompagner chaque client.<br><br>Chaque client compl\u00e8te un questionnaire ESG pour orienter nos recommandations selon ses valeurs personnelles.\n<\/div>\n<\/div>\n<\/div>\n<\/div><\/div><\/div>\n<\/section><section class=\"bde-section-570-123 bde-section\">\n  \n\t\n\n\n\n<div class=\"section-container\"><div class=\"bde-columns-570-124 bde-columns\"><div class=\"bde-column-570-125 bde-column\">\n              \n  \n\t\n\n  <div class=\"section-background-overlay\"><\/div>\n\n\n<div class=\"bde-div-570-126 bde-div\">\n  \n\t\n\n\n\n<h3 class=\"bde-heading-570-127 bde-heading\">\nE - Environnemental\n<\/h3><div class=\"bde-text-570-128 bde-text\">\n\u2022 Priorit\u00e9 donn\u00e9e aux supports d'investissement \u00e0 impact positif et aux fonds durables.<br>\u2022 D\u00e9mat\u00e9rialisation totale de nos \u00e9changes et signatures \u00e9lectroniques.<br>\u2022 Objectif \"z\u00e9ro papier\" dans toutes nos op\u00e9rations internes.<br>\u2022 Locaux \u00e0 haute efficacit\u00e9 \u00e9nerg\u00e9tique, optimis\u00e9s pour r\u00e9duire notre consommation d'\u00e9lectricit\u00e9.\n<\/div><div class=\"bde-button-570-129 bde-button\">\n    \n                                    \n    \n    \n    \n    \n            \n                    \n            \n            \n\n    \n    \n    \n    \n    \n    <a class=\"breakdance-link button-atom button-atom--secondary bde-button__button\" href=\"https:\/\/lereboulet-courtage.com\/index.php\/contact\/\" target=\"_self\" data-type=\"url\"  >\n\n    \n        <span class=\"button-atom__text\">En savoir plus<\/span>\n\n        \n        \n                <\/a>\n\n    \n\n\n<\/div>\n<\/div>\n<\/div><div class=\"bde-column-570-130 bde-column\">\n              \n  \n\t\n\n  <div class=\"section-background-overlay\"><\/div>\n\n\n<div class=\"bde-div-570-131 bde-div\">\n  \n\t\n\n\n\n<h3 class=\"bde-heading-570-132 bde-heading\">\nS - social\n<\/h3><div class=\"bde-text-570-133 bde-text\">\n\u2022 Programme continu de formation et d'accompagnement pour nos collaborateurs et apprentis.<br>\u2022 Transmission active du savoir et partage d'exp\u00e9rience entre g\u00e9n\u00e9rations.<br>\u2022 Relation client fond\u00e9e sur la p\u00e9dagogie, la transparence et la bienveillance.<br>\u2022 Engag\u00e9s dans la vie locale, nous sponsorisons depuis 2022 l\u2019\u00e9quipe senior de football de l\u2019US Guentrange.\n<\/div><div class=\"bde-button-570-134 bde-button\">\n    \n                                    \n    \n    \n    \n    \n            \n                    \n            \n            \n\n    \n    \n    \n    \n    \n    <a class=\"breakdance-link button-atom button-atom--secondary bde-button__button\" href=\"https:\/\/lereboulet-courtage.com\/index.php\/contact\/\" target=\"_self\" data-type=\"url\"  >\n\n    \n        <span class=\"button-atom__text\">En savoir plus<\/span>\n\n        \n        \n                <\/a>\n\n    \n\n\n<\/div>\n<\/div>\n<\/div><div class=\"bde-column-570-135 bde-column\">\n              \n  \n\t\n\n  <div class=\"section-background-overlay\"><\/div>\n\n\n<div class=\"bde-div-570-136 bde-div\">\n  \n\t\n\n\n\n<h3 class=\"bde-heading-570-137 bde-heading\">\ng - gouvernance\n<\/h3><div class=\"bde-text-570-138 bde-text\">\n\u2022 Ind\u00e9pendance absolue dans nos conseils et nos partenariats.<br>\u2022 S\u00e9lection rigoureuse des solutions selon des crit\u00e8res de qualit\u00e9, solidit\u00e9 et transparence.<br>\u2022 Charte \u00e9thique interne garantissant la conformit\u00e9 et la responsabilit\u00e9 de chaque d\u00e9cision.<br>\u2022 Gouvernance centr\u00e9e sur la durabilit\u00e9 et le long terme, au service exclusif de l'int\u00e9r\u00eat du client.\n<\/div><div class=\"bde-button-570-139 bde-button\">\n    \n                                    \n    \n    \n    \n    \n            \n                    \n            \n            \n\n    \n    \n    \n    \n    \n    <a class=\"breakdance-link button-atom button-atom--secondary bde-button__button\" href=\"https:\/\/lereboulet-courtage.com\/index.php\/contact\/\" target=\"_self\" data-type=\"url\"  >\n\n    \n        <span class=\"button-atom__text\">En savoir plus<\/span>\n\n        \n        \n                <\/a>\n\n    \n\n\n<\/div>\n<\/div>\n<\/div><\/div><\/div>\n<\/section>","protected":false},"excerpt":{"rendered":"<p>Notre engagement ESG Contact En savoir plus Une conviction qui nous relie \u00e0 l&rsquo;essentiel Chez Lereboulet Courtage, nous sommes convaincus qu&rsquo;un investissement responsable doit cr\u00e9er de la valeur \u00e0 la fois pour nos clients et pour la plan\u00e8te.Notre d\u00e9marche ESG (Environnemental, Social, Gouvernance) s&rsquo;exprime \u00e0 travers des actions concr\u00e8tes, locales et mesurables, qui traduisent notre [&hellip;]<\/p>\n","protected":false},"author":1,"featured_media":0,"parent":0,"menu_order":0,"comment_status":"closed","ping_status":"closed","template":"","meta":{"_breakdance_hide_in_design_set":false,"_breakdance_tags":"","footnotes":""},"_links":{"self":[{"href":"https:\/\/lereboulet-courtage.com\/index.php\/wp-json\/wp\/v2\/pages\/570"}],"collection":[{"href":"https:\/\/lereboulet-courtage.com\/index.php\/wp-json\/wp\/v2\/pages"}],"about":[{"href":"https:\/\/lereboulet-courtage.com\/index.php\/wp-json\/wp\/v2\/types\/page"}],"author":[{"embeddable":true,"href":"https:\/\/lereboulet-courtage.com\/index.php\/wp-json\/wp\/v2\/users\/1"}],"replies":[{"embeddable":true,"href":"https:\/\/lereboulet-courtage.com\/index.php\/wp-json\/wp\/v2\/comments?post=570"}],"version-history":[{"count":14,"href":"https:\/\/lereboulet-courtage.com\/index.php\/wp-json\/wp\/v2\/pages\/570\/revisions"}],"predecessor-version":[{"id":595,"href":"https:\/\/lereboulet-courtage.com\/index.php\/wp-json\/wp\/v2\/pages\/570\/revisions\/595"}],"wp:attachment":[{"href":"https:\/\/lereboulet-courtage.com\/index.php\/wp-json\/wp\/v2\/media?parent=570"}],"curies":[{"name":"wp","href":"https:\/\/api.w.org\/{rel}","templated":true}]}}