{"id":55,"date":"2024-03-29T02:30:06","date_gmt":"2024-03-29T01:30:06","guid":{"rendered":"https:\/\/lereboulet-courtage.com\/?page_id=55"},"modified":"2024-06-25T11:59:04","modified_gmt":"2024-06-25T09:59:04","slug":"entreprises-frontaliers","status":"publish","type":"page","link":"https:\/\/lereboulet-courtage.com\/index.php\/entreprises-frontaliers\/","title":{"rendered":"Entreprises &#038; Frontaliers"},"content":{"rendered":"<section class=\"bde-section-55-130 bde-section\">\n  \n\t\n\n\n\n        <div class=\"section-shape-divider-wrapper section-shape-divider-wrapper--1\">\n          <span class=\"section-shape-divider\">\n                      <svg\n                xmlns=\"http:\/\/www.w3.org\/2000\/svg\"\n                viewBox=\"0 0 1440 320\"\n                preserveAspectRatio=\"none\"\n            >\n              <path fill=\"currentColor\" fill-opacity=\"1\" d=\"M0,160L120,181.3C240,203,480,245,720,224C960,203,1200,117,1320,74.7L1440,32L1440,320L1320,320C1200,320,960,320,720,320C480,320,240,320,120,320L0,320Z\"><\/path>\n            <\/svg>\n                    <\/span>\n      <\/div>\n  <div class=\"section-container\"><h2 class=\"bde-heading-55-131 bde-heading\">\nSolutions sur-mesure pour entreprises & frontaliers\n<\/h2><div class=\"bde-button-55-132 bde-button\">\n    \n                                    \n    \n    \n    \n    \n            \n                    \n            \n            \n\n    \n    \n    \n    \n    \n    <a class=\"breakdance-link button-atom button-atom--secondary bde-button__button\" href=\"#esp3\" target=\"_self\" data-type=\"url\"  >\n\n    \n        <span class=\"button-atom__text\">En savoir plus<\/span>\n\n        \n        \n                <\/a>\n\n    \n\n\n<\/div><\/div>\n<\/section><section id=\"esp3\" class=\"bde-section-55-117 bde-section\">\n  \n\t\n\n\n\n<div class=\"section-container\"><h4 class=\"bde-heading-55-118 bde-heading\">\n\"Dans le monde des affaires et pour les frontaliers, chaque d\u00e9tail compte. Chez Lereboulet Courtage, nous comprenons les d\u00e9fis uniques auxquels vous \u00eates confront\u00e9s. C'est pourquoi nous offrons des solutions d'assurance et de placement sp\u00e9cialement con\u00e7ues pour vous soutenir dans votre r\u00e9ussite.\"\n<\/h4><\/div>\n<\/section><section class=\"bde-section-55-107 bde-section\">\n  \n\t\n\n\n\n<div class=\"section-container\"><div class=\"bde-columns-55-108 bde-columns\"><div class=\"bde-column-55-109 bde-column\">\n  \n\t\n\n\n\n<div class=\"bde-div-55-110 bde-div\" data-entrance=\"fade\">\n  \n\t\n\n\n\n<h3 class=\"bde-heading-55-112 bde-heading\">\nEntreprises\n<\/h3><div class=\"bde-text-55-113 bde-text\">\nDe la start-up innovante \u00e0 l'entreprise \u00e9tablie, chaque structure requiert une protection adapt\u00e9e \u00e0 ses sp\u00e9cificit\u00e9s.\u00a0<br><br>Lereboulet Courtage vous propose une gamme compl\u00e8te de solutions d'assurance entreprise : responsabilit\u00e9 civile, assurance des biens, protection juridique, et bien plus encore. <br><br>Nos experts vous accompagnent pour identifier les couvertures essentielles \u00e0 la s\u00e9curit\u00e9 et \u00e0 la p\u00e9rennit\u00e9 de votre activit\u00e9.\n<\/div><div class=\"bde-button-55-114 bde-button\" data-entrance=\"fade\">\n    \n                                    \n    \n    \n    \n    \n            \n                    \n            \n            \n\n    \n    \n    \n    \n    \n    <a class=\"breakdance-link button-atom button-atom--primary bde-button__button\" href=\"https:\/\/lereboulet-courtage.com\/index.php\/contact\/\" target=\"_self\" data-type=\"url\"  >\n\n    \n        <span class=\"button-atom__text\">Contact<\/span>\n\n        \n        \n                <\/a>\n\n    \n\n\n<\/div>\n<\/div>\n<\/div><div class=\"bde-column-55-115 bde-column\">\n  \n\t\n\n\n\n<div class=\"bde-image-55-116 bde-image\" data-entrance=\"fade\">\n<figure class=\"breakdance-image breakdance-image--168\">\n\t<div class=\"breakdance-image-container\">\n\t\t<div class=\"breakdance-image-clip\"><img loading=\"lazy\" decoding=\"async\" class=\"breakdance-image-object\" src=\"https:\/\/lereboulet-courtage.com\/wp-content\/uploads\/2024\/04\/daiga-ellaby-Hy4129D1-OU-unsplash.jpg\" width=\"1333\" height=\"2000\" srcset=\"https:\/\/lereboulet-courtage.com\/wp-content\/uploads\/2024\/04\/daiga-ellaby-Hy4129D1-OU-unsplash.jpg 1333w, https:\/\/lereboulet-courtage.com\/wp-content\/uploads\/2024\/04\/daiga-ellaby-Hy4129D1-OU-unsplash-200x300.jpg 200w, https:\/\/lereboulet-courtage.com\/wp-content\/uploads\/2024\/04\/daiga-ellaby-Hy4129D1-OU-unsplash-682x1024.jpg 682w, https:\/\/lereboulet-courtage.com\/wp-content\/uploads\/2024\/04\/daiga-ellaby-Hy4129D1-OU-unsplash-768x1152.jpg 768w, https:\/\/lereboulet-courtage.com\/wp-content\/uploads\/2024\/04\/daiga-ellaby-Hy4129D1-OU-unsplash-1024x1536.jpg 1024w\" sizes=\"(max-width: 1333px) 100vw, 1333px\"><\/div>\n\t<\/div><\/figure>\n\n<\/div>\n<\/div><\/div><div class=\"bde-columns-55-119 bde-columns\"><div class=\"bde-column-55-125 bde-column\">\n  \n\t\n\n\n\n<div class=\"bde-image-55-126 bde-image\" data-entrance=\"fade\">\n<figure class=\"breakdance-image breakdance-image--210\">\n\t<div class=\"breakdance-image-container\">\n\t\t<div class=\"breakdance-image-clip\"><img loading=\"lazy\" decoding=\"async\" class=\"breakdance-image-object\" src=\"https:\/\/lereboulet-courtage.com\/wp-content\/uploads\/2024\/04\/getty-images-h5JDfkKDKGc-unsplash.jpg\" width=\"1298\" height=\"1333\" srcset=\"https:\/\/lereboulet-courtage.com\/wp-content\/uploads\/2024\/04\/getty-images-h5JDfkKDKGc-unsplash.jpg 1298w, https:\/\/lereboulet-courtage.com\/wp-content\/uploads\/2024\/04\/getty-images-h5JDfkKDKGc-unsplash-292x300.jpg 292w, https:\/\/lereboulet-courtage.com\/wp-content\/uploads\/2024\/04\/getty-images-h5JDfkKDKGc-unsplash-997x1024.jpg 997w, https:\/\/lereboulet-courtage.com\/wp-content\/uploads\/2024\/04\/getty-images-h5JDfkKDKGc-unsplash-768x789.jpg 768w\" sizes=\"(max-width: 1298px) 100vw, 1298px\"><\/div>\n\t<\/div><\/figure>\n\n<\/div>\n<\/div><div class=\"bde-column-55-120 bde-column\">\n  \n\t\n\n\n\n<div class=\"bde-div-55-121 bde-div\" data-entrance=\"fade\">\n  \n\t\n\n\n\n<h3 class=\"bde-heading-55-122 bde-heading\">\nFrontaliers\n<\/h3><div class=\"bde-text-55-123 bde-text\">\nTravailler et vivre entre deux pays pr\u00e9sente des opportunit\u00e9s uniques mais aussi des complexit\u00e9s particuli\u00e8res, notamment en mati\u00e8re d'assurance et de pr\u00e9voyance sociale.<br><br>Lereboulet Courtage offre des conseils sp\u00e9cialis\u00e9s et des solutions d'assurance qui prennent en compte votre situation transfrontali\u00e8re, assurant ainsi votre tranquillit\u00e9 d'esprit au quotidien.\n<\/div><div class=\"bde-button-55-124 bde-button\" data-entrance=\"fade\">\n    \n                                    \n    \n    \n    \n    \n            \n                    \n            \n            \n\n    \n    \n    \n    \n    \n    <a class=\"breakdance-link button-atom button-atom--primary bde-button__button\" href=\"https:\/\/lereboulet-courtage.com\/index.php\/contact\/\" target=\"_self\" data-type=\"url\"  >\n\n    \n        <span class=\"button-atom__text\">Contact<\/span>\n\n        \n        \n                <\/a>\n\n    \n\n\n<\/div>\n<\/div>\n<\/div><\/div><\/div>\n<\/section>","protected":false},"excerpt":{"rendered":"<p>Solutions sur-mesure pour entreprises &#038; frontaliers En savoir plus \u00ab\u00a0Dans le monde des affaires et pour les frontaliers, chaque d\u00e9tail compte. Chez Lereboulet Courtage, nous comprenons les d\u00e9fis uniques auxquels vous \u00eates confront\u00e9s. C&rsquo;est pourquoi nous offrons des solutions d&rsquo;assurance et de placement sp\u00e9cialement con\u00e7ues pour vous soutenir dans votre r\u00e9ussite.\u00a0\u00bb Entreprises De la start-up [&hellip;]<\/p>\n","protected":false},"author":1,"featured_media":0,"parent":0,"menu_order":0,"comment_status":"closed","ping_status":"closed","template":"","meta":{"_breakdance_hide_in_design_set":false,"_breakdance_tags":"","footnotes":""},"_links":{"self":[{"href":"https:\/\/lereboulet-courtage.com\/index.php\/wp-json\/wp\/v2\/pages\/55"}],"collection":[{"href":"https:\/\/lereboulet-courtage.com\/index.php\/wp-json\/wp\/v2\/pages"}],"about":[{"href":"https:\/\/lereboulet-courtage.com\/index.php\/wp-json\/wp\/v2\/types\/page"}],"author":[{"embeddable":true,"href":"https:\/\/lereboulet-courtage.com\/index.php\/wp-json\/wp\/v2\/users\/1"}],"replies":[{"embeddable":true,"href":"https:\/\/lereboulet-courtage.com\/index.php\/wp-json\/wp\/v2\/comments?post=55"}],"version-history":[{"count":39,"href":"https:\/\/lereboulet-courtage.com\/index.php\/wp-json\/wp\/v2\/pages\/55\/revisions"}],"predecessor-version":[{"id":414,"href":"https:\/\/lereboulet-courtage.com\/index.php\/wp-json\/wp\/v2\/pages\/55\/revisions\/414"}],"wp:attachment":[{"href":"https:\/\/lereboulet-courtage.com\/index.php\/wp-json\/wp\/v2\/media?parent=55"}],"curies":[{"name":"wp","href":"https:\/\/api.w.org\/{rel}","templated":true}]}}