{"id":19,"date":"2024-03-29T01:24:16","date_gmt":"2024-03-29T00:24:16","guid":{"rendered":"https:\/\/lereboulet-courtage.com\/?page_id=19"},"modified":"2025-09-23T14:41:26","modified_gmt":"2025-09-23T12:41:26","slug":"contact","status":"publish","type":"page","link":"https:\/\/lereboulet-courtage.com\/index.php\/contact\/","title":{"rendered":"Contact"},"content":{"rendered":"<section class=\"bde-section-19-121 bde-section\">\n  \n\t\n\n\n\n<div class=\"section-container\"><div class=\"bde-columns-19-122 bde-columns\"><div class=\"bde-column-19-123 bde-column\">\n  \n\t\n\n\n\n<div class=\"bde-div-19-136 bde-div\">\n  \n\t\n\n\n\n<h2 class=\"bde-heading-19-124 bde-heading\">\nContactez-nous\n<\/h2><div class=\"bde-text-19-125 bde-text\">\nPour toute demande d'informations ou pour obtenir un devis, remplissez ce formulaire. Un membre de notre \u00e9quipe vous r\u00e9pondra dans les plus brefs d\u00e9lais.\n<\/div>\n<\/div><div class=\"bde-div-19-127 bde-div\">\n  \n\t\n\n\n\n<div class=\"bde-div-19-128 bde-div\">\n  \n\t\n\n\n\n<div class=\"bde-icon-19-129 bde-icon\">\n\n    \n            <div class=\"bde-icon-icon breakdance-icon-atom\" >\n    \n                    <svg xmlns=\"http:\/\/www.w3.org\/2000\/svg\" viewBox=\"0 0 512 512\"><!-- Font Awesome Free 5.15.1 by @fontawesome - https:\/\/fontawesome.com License - https:\/\/fontawesome.com\/license\/free (Icons: CC BY 4.0, Fonts: SIL OFL 1.1, Code: MIT License) --><path d=\"M256 8C119 8 8 119 8 256s111 248 248 248 248-111 248-248S393 8 256 8zm0 448c-110.5 0-200-89.5-200-200S145.5 56 256 56s200 89.5 200 200-89.5 200-200 200zm61.8-104.4l-84.9-61.7c-3.1-2.3-4.9-5.9-4.9-9.7V116c0-6.6 5.4-12 12-12h32c6.6 0 12 5.4 12 12v141.7l66.8 48.6c5.4 3.9 6.5 11.4 2.6 16.8L334.6 349c-3.9 5.3-11.4 6.5-16.8 2.6z\"\/><\/svg>\n        \n        \n        \n            <\/div>\n    \n\n\n<\/div><div class=\"bde-text-19-130 bde-text\">\nLundi 13h30 - 17h30<br>Mardi au Vendredi 9h-12h \/ 13h30 - 17h30<br>Samedi 9h30 - 12h\n<\/div>\n<\/div><div class=\"bde-div-19-190 bde-div\">\n  \n\t\n\n\n\n<div class=\"bde-icon-19-191 bde-icon\">\n\n    \n            <div class=\"bde-icon-icon breakdance-icon-atom\" >\n    \n                    <svg xmlns=\"http:\/\/www.w3.org\/2000\/svg\" viewBox=\"0 0 512 512\"><!-- Font Awesome Free 5.15.1 by @fontawesome - https:\/\/fontawesome.com License - https:\/\/fontawesome.com\/license\/free (Icons: CC BY 4.0, Fonts: SIL OFL 1.1, Code: MIT License) --><path d=\"M494.586 164.516c-4.697-3.883-111.723-89.95-135.251-108.657C337.231 38.191 299.437 0 256 0c-43.205 0-80.636 37.717-103.335 55.859-24.463 19.45-131.07 105.195-135.15 108.549A48.004 48.004 0 0 0 0 201.485V464c0 26.51 21.49 48 48 48h416c26.51 0 48-21.49 48-48V201.509a48 48 0 0 0-17.414-36.993zM464 458a6 6 0 0 1-6 6H54a6 6 0 0 1-6-6V204.347c0-1.813.816-3.526 2.226-4.665 15.87-12.814 108.793-87.554 132.364-106.293C200.755 78.88 232.398 48 256 48c23.693 0 55.857 31.369 73.41 45.389 23.573 18.741 116.503 93.493 132.366 106.316a5.99 5.99 0 0 1 2.224 4.663V458zm-31.991-187.704c4.249 5.159 3.465 12.795-1.745 16.981-28.975 23.283-59.274 47.597-70.929 56.863C336.636 362.283 299.205 400 256 400c-43.452 0-81.287-38.237-103.335-55.86-11.279-8.967-41.744-33.413-70.927-56.865-5.21-4.187-5.993-11.822-1.745-16.981l15.258-18.528c4.178-5.073 11.657-5.843 16.779-1.726 28.618 23.001 58.566 47.035 70.56 56.571C200.143 320.631 232.307 352 256 352c23.602 0 55.246-30.88 73.41-45.389 11.994-9.535 41.944-33.57 70.563-56.568 5.122-4.116 12.601-3.346 16.778 1.727l15.258 18.526z\"\/><\/svg>\n        \n        \n        \n            <\/div>\n    \n\n\n<\/div><div class=\"bde-text-19-192 bde-text\">\ncontact@lereboulet-courtage.com\n<\/div>\n<\/div><div class=\"bde-div-19-131 bde-div\">\n  \n\t\n\n\n\n<div class=\"bde-icon-19-132 bde-icon\">\n\n    \n            <div class=\"bde-icon-icon breakdance-icon-atom\" >\n    \n                    <svg xmlns=\"http:\/\/www.w3.org\/2000\/svg\" id=\"icon-phone\" viewBox=\"0 0 32 32\">\n<path d=\"M22 20c-2 2-2 4-4 4s-4-2-6-4-4-4-4-6 2-2 4-4-4-8-6-8-6 6-6 6c0 4 4.109 12.109 8 16s12 8 16 8c0 0 6-4 6-6s-6-8-8-6z\"\/>\n<\/svg>\n        \n        \n        \n            <\/div>\n    \n\n\n<\/div><div class=\"bde-text-19-133 bde-text\">\n+33 3 55 46 98 90\n<\/div>\n<\/div>\n<\/div>\n<\/div><div class=\"bde-column-19-134 bde-column\">\n  \n\t\n\n\n\n<div class=\"bde-shortcode-19-211 bde-shortcode\">\n<iframe src=\"https:\/\/clement-lereboulet.cgp.site\/lan\/formulaire.php\" style=\"border:0;min-height:600px;width:100%\" scrolling=\"no\"><\/iframe>\n<\/div>\n<\/div><\/div><\/div>\n<\/section><section class=\"bde-section-19-152 bde-section\">\n  \n\t\n\n\n\n<div class=\"section-container\"><div class=\"bde-google-map-19-153 bde-google-map\">\n\r\n<iframe width=\"100%\" height=\"100%\" style=\"border:0\" loading=\"lazy\" title=\"Map\" src=\"https:\/\/maps.google.com\/maps?q=1+Rue+de+Jemmapes%2C+57100+Thionville%2C+France&t=m&z=14&output=embed&iwloc=near\" allowfullscreen><\/iframe>\n\n<\/div><\/div>\n<\/section>","protected":false},"excerpt":{"rendered":"<p>Contactez-nous Pour toute demande d&rsquo;informations ou pour obtenir un devis, remplissez ce formulaire. Un membre de notre \u00e9quipe vous r\u00e9pondra dans les plus brefs d\u00e9lais. Lundi 13h30 &#8211; 17h30Mardi au Vendredi 9h-12h \/ 13h30 &#8211; 17h30Samedi 9h30 &#8211; 12h contact@lereboulet-courtage.com +33 3 55 46 98 90<\/p>\n","protected":false},"author":1,"featured_media":0,"parent":0,"menu_order":0,"comment_status":"closed","ping_status":"closed","template":"","meta":{"_breakdance_hide_in_design_set":false,"_breakdance_tags":"","footnotes":""},"_links":{"self":[{"href":"https:\/\/lereboulet-courtage.com\/index.php\/wp-json\/wp\/v2\/pages\/19"}],"collection":[{"href":"https:\/\/lereboulet-courtage.com\/index.php\/wp-json\/wp\/v2\/pages"}],"about":[{"href":"https:\/\/lereboulet-courtage.com\/index.php\/wp-json\/wp\/v2\/types\/page"}],"author":[{"embeddable":true,"href":"https:\/\/lereboulet-courtage.com\/index.php\/wp-json\/wp\/v2\/users\/1"}],"replies":[{"embeddable":true,"href":"https:\/\/lereboulet-courtage.com\/index.php\/wp-json\/wp\/v2\/comments?post=19"}],"version-history":[{"count":52,"href":"https:\/\/lereboulet-courtage.com\/index.php\/wp-json\/wp\/v2\/pages\/19\/revisions"}],"predecessor-version":[{"id":565,"href":"https:\/\/lereboulet-courtage.com\/index.php\/wp-json\/wp\/v2\/pages\/19\/revisions\/565"}],"wp:attachment":[{"href":"https:\/\/lereboulet-courtage.com\/index.php\/wp-json\/wp\/v2\/media?parent=19"}],"curies":[{"name":"wp","href":"https:\/\/api.w.org\/{rel}","templated":true}]}}