{"id":17,"date":"2024-03-29T01:19:23","date_gmt":"2024-03-29T00:19:23","guid":{"rendered":"https:\/\/lereboulet-courtage.com\/?page_id=17"},"modified":"2024-06-25T11:50:12","modified_gmt":"2024-06-25T09:50:12","slug":"nos-services","status":"publish","type":"page","link":"https:\/\/lereboulet-courtage.com\/index.php\/nos-services\/","title":{"rendered":"Nos services"},"content":{"rendered":"<section class=\"bde-section-17-107 bde-section\">\n  \n\t\n\n\n\n        <div class=\"section-shape-divider-wrapper section-shape-divider-wrapper--1\">\n          <span class=\"section-shape-divider\">\n                      <svg\n                xmlns=\"http:\/\/www.w3.org\/2000\/svg\"\n                viewBox=\"0 0 1440 320\"\n                preserveAspectRatio=\"none\"\n            >\n              <path fill=\"currentColor\" fill-opacity=\"1\" d=\"M0,160L120,181.3C240,203,480,245,720,224C960,203,1200,117,1320,74.7L1440,32L1440,320L1320,320C1200,320,960,320,720,320C480,320,240,320,120,320L0,320Z\"><\/path>\n            <\/svg>\n                    <\/span>\n      <\/div>\n  <div class=\"section-container\"><h2 class=\"bde-heading-17-108 bde-heading\">\nNos services pour une protection \u00e0 chaque \u00e9tape de votre vie\n<\/h2><div class=\"bde-button-17-109 bde-button\">\n    \n                                    \n    \n    \n    \n    \n            \n                    \n            \n            \n\n    \n    \n    \n    \n    \n    <a class=\"breakdance-link button-atom button-atom--secondary bde-button__button\" href=\"#esp2\" target=\"_self\" data-type=\"url\"  >\n\n    \n        <span class=\"button-atom__text\">En savoir plus<\/span>\n\n        \n        \n                <\/a>\n\n    \n\n\n<\/div><\/div>\n<\/section><section id=\"esp2\" class=\"bde-section-17-110 bde-section\">\n  \n\t\n\n\n\n<div class=\"section-container\"><div class=\"bde-columns-17-111 bde-columns\"><div class=\"bde-column-17-112 bde-column\">\n  \n\t\n\n\n\n<div class=\"bde-div-17-113 bde-div\" data-entrance=\"fade\">\n  \n\t\n\n\n\n<h3 class=\"bde-heading-17-114 bde-heading\">\nPROTECTION DU DIRIGEANT\n<\/h3><div class=\"bde-text-17-115 bde-text\">\nNotre gamme d'assurances est pens\u00e9e pour apporter la tranquillit\u00e9 d'esprit aux chefs d'entreprises dans tous les domaines de la vie personnelle et professionnelle.<br><br>Que ce soit pour votre couverture sant\u00e9, votre pr\u00e9voyance, la protection de votre famille, votre responsabilit\u00e9 civile, votre v\u00e9hicule ou votre habitation, Lereboulet Courtage vous offre des solutions d'assurance adapt\u00e9es \u00e0 vos besoins sp\u00e9cifiques.<br><br>Gr\u00e2ce \u00e0 notre approche personnalis\u00e9e, profitez d'une protection optimale.\n<\/div><div class=\"bde-button-17-116 bde-button\" data-entrance=\"fade\">\n    \n                                    \n    \n    \n    \n    \n            \n                    \n            \n            \n\n    \n    \n    \n    \n    \n    <a class=\"breakdance-link button-atom button-atom--primary bde-button__button\" href=\"https:\/\/lereboulet-courtage.com\/index.php\/contact\/\" target=\"_self\" data-type=\"url\"  >\n\n    \n        <span class=\"button-atom__text\">Contact<\/span>\n\n        \n        \n                <\/a>\n\n    \n\n\n<\/div>\n<\/div>\n<\/div><div class=\"bde-column-17-117 bde-column\">\n  \n\t\n\n\n\n<div class=\"bde-image-17-118 bde-image\" data-entrance=\"fade\">\n<figure class=\"breakdance-image breakdance-image--495\">\n\t<div class=\"breakdance-image-container\">\n\t\t<div class=\"breakdance-image-clip\"><img loading=\"lazy\" decoding=\"async\" class=\"breakdance-image-object\" src=\"https:\/\/lereboulet-courtage.com\/wp-content\/uploads\/2024\/06\/daria-pimkina-tYaccl19A3Q-unsplash.jpg\" width=\"1500\" height=\"2250\" srcset=\"https:\/\/lereboulet-courtage.com\/wp-content\/uploads\/2024\/06\/daria-pimkina-tYaccl19A3Q-unsplash.jpg 1500w, https:\/\/lereboulet-courtage.com\/wp-content\/uploads\/2024\/06\/daria-pimkina-tYaccl19A3Q-unsplash-200x300.jpg 200w, https:\/\/lereboulet-courtage.com\/wp-content\/uploads\/2024\/06\/daria-pimkina-tYaccl19A3Q-unsplash-683x1024.jpg 683w, https:\/\/lereboulet-courtage.com\/wp-content\/uploads\/2024\/06\/daria-pimkina-tYaccl19A3Q-unsplash-768x1152.jpg 768w, https:\/\/lereboulet-courtage.com\/wp-content\/uploads\/2024\/06\/daria-pimkina-tYaccl19A3Q-unsplash-1024x1536.jpg 1024w, https:\/\/lereboulet-courtage.com\/wp-content\/uploads\/2024\/06\/daria-pimkina-tYaccl19A3Q-unsplash-1365x2048.jpg 1365w\" sizes=\"(max-width: 1500px) 100vw, 1500px\"><\/div>\n\t<\/div><\/figure>\n\n<\/div>\n<\/div><\/div><div class=\"bde-columns-17-119 bde-columns\"><div class=\"bde-column-17-120 bde-column\">\n  \n\t\n\n\n\n<div class=\"bde-image-17-121 bde-image\" data-entrance=\"fade\">\n<figure class=\"breakdance-image breakdance-image--474\">\n\t<div class=\"breakdance-image-container\">\n\t\t<div class=\"breakdance-image-clip\"><img loading=\"lazy\" decoding=\"async\" class=\"breakdance-image-object\" src=\"https:\/\/lereboulet-courtage.com\/wp-content\/uploads\/2024\/06\/damir-kopezhanov-nC6CyrVBtkU-unsplash-1.jpg\" width=\"1282\" height=\"1986\" srcset=\"https:\/\/lereboulet-courtage.com\/wp-content\/uploads\/2024\/06\/damir-kopezhanov-nC6CyrVBtkU-unsplash-1.jpg 1282w, https:\/\/lereboulet-courtage.com\/wp-content\/uploads\/2024\/06\/damir-kopezhanov-nC6CyrVBtkU-unsplash-1-194x300.jpg 194w, https:\/\/lereboulet-courtage.com\/wp-content\/uploads\/2024\/06\/damir-kopezhanov-nC6CyrVBtkU-unsplash-1-661x1024.jpg 661w, https:\/\/lereboulet-courtage.com\/wp-content\/uploads\/2024\/06\/damir-kopezhanov-nC6CyrVBtkU-unsplash-1-768x1190.jpg 768w, https:\/\/lereboulet-courtage.com\/wp-content\/uploads\/2024\/06\/damir-kopezhanov-nC6CyrVBtkU-unsplash-1-992x1536.jpg 992w\" sizes=\"(max-width: 1282px) 100vw, 1282px\"><\/div>\n\t<\/div><\/figure>\n\n<\/div>\n<\/div><div class=\"bde-column-17-122 bde-column\">\n  \n\t\n\n\n\n<div class=\"bde-div-17-123 bde-div\" data-entrance=\"fade\">\n  \n\t\n\n\n\n<h3 class=\"bde-heading-17-124 bde-heading\">\nAssurances Entreprises\n<\/h3><div class=\"bde-text-17-125 bde-text\">\nNous offrons une gamme compl\u00e8te d'assurances, con\u00e7ue pour r\u00e9pondre aux besoins de toutes les entreprises, qu'il s'agisse de startups, de PME ou de grandes entreprises.<br><br>Nos assurances multirisques prot\u00e8gent vos locaux, \u00e9quipements et activit\u00e9s contre les risques courants tels que les incendies, les d\u00e9g\u00e2ts des eaux et les vols. Nos assurances bris de machine assurent vos \u00e9quipements essentiels contre les pannes et dommages impr\u00e9vus. La responsabilit\u00e9 civile vous prot\u00e8ge contre les r\u00e9clamations et litiges avec des tiers. Enfin, nos assurances protection juridique vous accompagnent dans la gestion des conflits et litiges juridiques.\n<\/div><div class=\"bde-button-17-126 bde-button\" data-entrance=\"fade\">\n    \n                                    \n    \n    \n    \n    \n            \n                    \n            \n            \n\n    \n    \n    \n    \n    \n    <a class=\"breakdance-link button-atom button-atom--primary bde-button__button\" href=\"https:\/\/lereboulet-courtage.com\/index.php\/contact\/\" target=\"_self\" data-type=\"url\"  >\n\n    \n        <span class=\"button-atom__text\">Contact<\/span>\n\n        \n        \n                <\/a>\n\n    \n\n\n<\/div>\n<\/div>\n<\/div><\/div><div class=\"bde-columns-17-135 bde-columns\"><div class=\"bde-column-17-136 bde-column\">\n  \n\t\n\n\n\n<div class=\"bde-div-17-137 bde-div\" data-entrance=\"fade\">\n  \n\t\n\n\n\n<h3 class=\"bde-heading-17-138 bde-heading\">\nPLACEMENT & RETRAITE\n<\/h3><div class=\"bde-text-17-139 bde-text\">\nInvestir aujourd'hui pour un avenir prosp\u00e8re est possible gr\u00e2ce aux conseils avis\u00e9s de Lereboulet Courtage.<br><br>Nos experts en placement travaillent avec vous pour \u00e9laborer des strat\u00e9gies d'investissement sur mesure, adapt\u00e9es \u00e0 votre profil de risque et \u00e0 vos objectifs \u00e0 long terme. Ensemble, transformons vos aspirations financi\u00e8res en r\u00e9alit\u00e9.<br><br>Que ce soit pour un plan d'\u00e9pargne individuel, un plan d'\u00e9pargne collectif, une assurance-vie, ou encore pour g\u00e9rer votre tr\u00e9sorerie via un contrat de capitalisation, nous sommes l\u00e0 pour vous accompagner.\n<\/div><div class=\"bde-button-17-140 bde-button\" data-entrance=\"fade\">\n    \n                                    \n    \n    \n    \n    \n            \n                    \n            \n            \n\n    \n    \n    \n    \n    \n    <a class=\"breakdance-link button-atom button-atom--primary bde-button__button\" href=\"https:\/\/lereboulet-courtage.com\/index.php\/contact\/\" target=\"_self\" data-type=\"url\"  >\n\n    \n        <span class=\"button-atom__text\">Contact<\/span>\n\n        \n        \n                <\/a>\n\n    \n\n\n<\/div>\n<\/div>\n<\/div><div class=\"bde-column-17-141 bde-column\">\n  \n\t\n\n\n\n<div class=\"bde-image-17-142 bde-image\" data-entrance=\"fade\">\n<figure class=\"breakdance-image breakdance-image--470\">\n\t<div class=\"breakdance-image-container\">\n\t\t<div class=\"breakdance-image-clip\"><img loading=\"lazy\" decoding=\"async\" class=\"breakdance-image-object\" src=\"https:\/\/lereboulet-courtage.com\/wp-content\/uploads\/2024\/06\/priscilla-du-preez-nNMBa7Y1Ymk-unsplash.jpg\" width=\"1402\" height=\"2250\" srcset=\"https:\/\/lereboulet-courtage.com\/wp-content\/uploads\/2024\/06\/priscilla-du-preez-nNMBa7Y1Ymk-unsplash.jpg 1402w, https:\/\/lereboulet-courtage.com\/wp-content\/uploads\/2024\/06\/priscilla-du-preez-nNMBa7Y1Ymk-unsplash-187x300.jpg 187w, https:\/\/lereboulet-courtage.com\/wp-content\/uploads\/2024\/06\/priscilla-du-preez-nNMBa7Y1Ymk-unsplash-638x1024.jpg 638w, https:\/\/lereboulet-courtage.com\/wp-content\/uploads\/2024\/06\/priscilla-du-preez-nNMBa7Y1Ymk-unsplash-768x1233.jpg 768w, https:\/\/lereboulet-courtage.com\/wp-content\/uploads\/2024\/06\/priscilla-du-preez-nNMBa7Y1Ymk-unsplash-957x1536.jpg 957w, https:\/\/lereboulet-courtage.com\/wp-content\/uploads\/2024\/06\/priscilla-du-preez-nNMBa7Y1Ymk-unsplash-1276x2048.jpg 1276w\" sizes=\"(max-width: 1402px) 100vw, 1402px\"><\/div>\n\t<\/div><\/figure>\n\n<\/div>\n<\/div><\/div><div class=\"bde-columns-17-127 bde-columns\"><div class=\"bde-column-17-133 bde-column\">\n  \n\t\n\n\n\n<div class=\"bde-image-17-134 bde-image\" data-entrance=\"fade\">\n<figure class=\"breakdance-image breakdance-image--427\">\n\t<div class=\"breakdance-image-container\">\n\t\t<div class=\"breakdance-image-clip\"><img loading=\"lazy\" decoding=\"async\" class=\"breakdance-image-object\" src=\"https:\/\/lereboulet-courtage.com\/wp-content\/uploads\/2024\/06\/media_item_15.jpeg\" width=\"2000\" height=\"1125\" srcset=\"https:\/\/lereboulet-courtage.com\/wp-content\/uploads\/2024\/06\/media_item_15.jpeg 2000w, https:\/\/lereboulet-courtage.com\/wp-content\/uploads\/2024\/06\/media_item_15-300x169.jpeg 300w, https:\/\/lereboulet-courtage.com\/wp-content\/uploads\/2024\/06\/media_item_15-1024x576.jpeg 1024w, https:\/\/lereboulet-courtage.com\/wp-content\/uploads\/2024\/06\/media_item_15-768x432.jpeg 768w, https:\/\/lereboulet-courtage.com\/wp-content\/uploads\/2024\/06\/media_item_15-1536x864.jpeg 1536w\" sizes=\"(max-width: 2000px) 100vw, 2000px\"><\/div>\n\t<\/div><\/figure>\n\n<\/div>\n<\/div><div class=\"bde-column-17-128 bde-column\">\n  \n\t\n\n\n\n<div class=\"bde-div-17-129 bde-div\" data-entrance=\"fade\">\n  \n\t\n\n\n\n<h3 class=\"bde-heading-17-130 bde-heading\">\nNotre specialit\u00e9<br>les Contrats collectifs\n<\/h3><div class=\"bde-text-17-131 bde-text\">\nNous avons d\u00e9j\u00e0 accompagn\u00e9 plus de 1000 salari\u00e9s en France et au Luxembourg, prouvant notre engagement et notre expertise.<br><br>En tant qu'experts des contrats collectifs de pr\u00e9voyance, sant\u00e9, retraite et plans de pensions, nous comprenons les besoins sp\u00e9cifiques de votre entreprise. Du d\u00e9but \u00e0 la gestion continue, notre \u00e9quipe g\u00e8re l'affiliation des membres, la r\u00e9daction des contrats et toute la gestion administrative.<br><br>Choisissez nos services et b\u00e9n\u00e9ficiez d'un accompagnement personnalis\u00e9, d'une communication transparente et d'une gestion compl\u00e8te de vos besoins en assurance collective. \n<\/div><div class=\"bde-button-17-132 bde-button\" data-entrance=\"fade\">\n    \n                                    \n    \n    \n    \n    \n            \n                    \n            \n            \n\n    \n    \n    \n    \n    \n    <a class=\"breakdance-link button-atom button-atom--primary bde-button__button\" href=\"https:\/\/lereboulet-courtage.com\/index.php\/contact\/\" target=\"_self\" data-type=\"url\"  >\n\n    \n        <span class=\"button-atom__text\">Contact<\/span>\n\n        \n        \n                <\/a>\n\n    \n\n\n<\/div>\n<\/div>\n<\/div><\/div><\/div>\n<\/section>","protected":false},"excerpt":{"rendered":"<p>Nos services pour une protection \u00e0 chaque \u00e9tape de votre vie En savoir plus PROTECTION DU DIRIGEANT Notre gamme d&rsquo;assurances est pens\u00e9e pour apporter la tranquillit\u00e9 d&rsquo;esprit aux chefs d&rsquo;entreprises dans tous les domaines de la vie personnelle et professionnelle.Que ce soit pour votre couverture sant\u00e9, votre pr\u00e9voyance, la protection de votre famille, votre responsabilit\u00e9 [&hellip;]<\/p>\n","protected":false},"author":1,"featured_media":0,"parent":0,"menu_order":0,"comment_status":"closed","ping_status":"closed","template":"","meta":{"_breakdance_hide_in_design_set":false,"_breakdance_tags":"","footnotes":""},"_links":{"self":[{"href":"https:\/\/lereboulet-courtage.com\/index.php\/wp-json\/wp\/v2\/pages\/17"}],"collection":[{"href":"https:\/\/lereboulet-courtage.com\/index.php\/wp-json\/wp\/v2\/pages"}],"about":[{"href":"https:\/\/lereboulet-courtage.com\/index.php\/wp-json\/wp\/v2\/types\/page"}],"author":[{"embeddable":true,"href":"https:\/\/lereboulet-courtage.com\/index.php\/wp-json\/wp\/v2\/users\/1"}],"replies":[{"embeddable":true,"href":"https:\/\/lereboulet-courtage.com\/index.php\/wp-json\/wp\/v2\/comments?post=17"}],"version-history":[{"count":54,"href":"https:\/\/lereboulet-courtage.com\/index.php\/wp-json\/wp\/v2\/pages\/17\/revisions"}],"predecessor-version":[{"id":504,"href":"https:\/\/lereboulet-courtage.com\/index.php\/wp-json\/wp\/v2\/pages\/17\/revisions\/504"}],"wp:attachment":[{"href":"https:\/\/lereboulet-courtage.com\/index.php\/wp-json\/wp\/v2\/media?parent=17"}],"curies":[{"name":"wp","href":"https:\/\/api.w.org\/{rel}","templated":true}]}}