{"id":15,"date":"2024-03-29T01:17:36","date_gmt":"2024-03-29T00:17:36","guid":{"rendered":"https:\/\/lereboulet-courtage.com\/?page_id=15"},"modified":"2024-06-25T11:42:41","modified_gmt":"2024-06-25T09:42:41","slug":"a-propos","status":"publish","type":"page","link":"https:\/\/lereboulet-courtage.com\/index.php\/a-propos\/","title":{"rendered":"\u00c0 propos"},"content":{"rendered":"<section class=\"bde-section-15-168 bde-section\">\n  \n\t\n\n\n\n        <div class=\"section-shape-divider-wrapper section-shape-divider-wrapper--1\">\n          <span class=\"section-shape-divider\">\n                      <svg\n                xmlns=\"http:\/\/www.w3.org\/2000\/svg\"\n                viewBox=\"0 0 1440 320\"\n                preserveAspectRatio=\"none\"\n            >\n              <path fill=\"currentColor\" fill-opacity=\"1\" d=\"M0,160L120,181.3C240,203,480,245,720,224C960,203,1200,117,1320,74.7L1440,32L1440,320L1320,320C1200,320,960,320,720,320C480,320,240,320,120,320L0,320Z\"><\/path>\n            <\/svg>\n                    <\/span>\n      <\/div>\n  <div class=\"section-container\"><h2 class=\"bde-heading-15-169 bde-heading\">\nQui sommes-nous ?\n<\/h2><div class=\"bde-button-15-170 bde-button\">\n    \n                                    \n    \n    \n    \n    \n            \n                    \n            \n            \n\n    \n    \n    \n    \n    \n    <a class=\"breakdance-link button-atom button-atom--secondary bde-button__button\" href=\"#esp\" target=\"_self\" data-type=\"url\"  >\n\n    \n        <span class=\"button-atom__text\">En savoir plus<\/span>\n\n        \n        \n                <\/a>\n\n    \n\n\n<\/div><\/div>\n<\/section><section id=\"esp\" class=\"bde-section-15-198 bde-section\">\n              \n  \n\t\n\n\n\n<div class=\"section-container\"><div class=\"bde-columns-15-215 bde-columns\"><div class=\"bde-column-15-221 bde-column\">\n  \n\t\n\n\n\n<div class=\"bde-image-15-222 bde-image\" data-entrance=\"fade\">\n<figure class=\"breakdance-image breakdance-image--299\">\n\t<div class=\"breakdance-image-container\">\n\t\t<div class=\"breakdance-image-clip\"><img loading=\"lazy\" decoding=\"async\" class=\"breakdance-image-object\" src=\"https:\/\/lereboulet-courtage.com\/wp-content\/uploads\/2024\/04\/2023-03-21-1.jpg\" width=\"1186\" height=\"1020\" srcset=\"https:\/\/lereboulet-courtage.com\/wp-content\/uploads\/2024\/04\/2023-03-21-1.jpg 1186w, https:\/\/lereboulet-courtage.com\/wp-content\/uploads\/2024\/04\/2023-03-21-1-300x258.jpg 300w, https:\/\/lereboulet-courtage.com\/wp-content\/uploads\/2024\/04\/2023-03-21-1-1024x881.jpg 1024w, https:\/\/lereboulet-courtage.com\/wp-content\/uploads\/2024\/04\/2023-03-21-1-768x661.jpg 768w\" sizes=\"(max-width: 1186px) 100vw, 1186px\"><\/div>\n\t<\/div><\/figure>\n\n<\/div>\n<\/div><div class=\"bde-column-15-216 bde-column\">\n  \n\t\n\n\n\n<div class=\"bde-div-15-217 bde-div\" data-entrance=\"fade\">\n  \n\t\n\n\n\n<h3 class=\"bde-heading-15-218 bde-heading\">\nNotre histoire\n<\/h3><div class=\"bde-text-15-219 bde-text\">\nDepuis notre cr\u00e9ation en 2022, Lereboulet Courtage a parcouru un long chemin pour devenir un leader reconnu dans le domaine des assurances et des placements financiers. Notre parcours est jalonn\u00e9 de succ\u00e8s, guid\u00e9 par notre passion pour l'excellence et notre d\u00e9sir d'innover constamment pour nos clients. <br><br>D'une petite \u00e9quipe de passionn\u00e9s, nous avons grandi pour devenir une r\u00e9f\u00e9rence, tout en restant fid\u00e8les \u00e0 notre approche personnalis\u00e9e et \u00e0 notre engagement envers chaque client.\n<\/div>\n<\/div>\n<\/div><\/div><div class=\"bde-columns-15-199 bde-columns\"><div class=\"bde-column-15-200 bde-column\">\n  \n\t\n\n\n\n<div class=\"bde-div-15-201 bde-div\" data-entrance=\"fade\">\n  \n\t\n\n\n\n<h3 class=\"bde-heading-15-202 bde-heading\">\nNotre \u00e9quipe\n<\/h3><div class=\"bde-text-15-203 bde-text\">\nCompos\u00e9e de conseillers exp\u00e9riment\u00e9s, d'experts en assurance, et de sp\u00e9cialistes en placement, chaque membre de l'\u00e9quipe apporte son expertise unique pour vous accompagner au mieux dans vos projets. Nous sommes plus qu'une \u00e9quipe, nous sommes une famille d\u00e9di\u00e9e \u00e0 votre r\u00e9ussite.\n<\/div>\n<\/div>\n<\/div><div class=\"bde-column-15-205 bde-column\">\n  \n\t\n\n\n\n<div class=\"bde-image-15-206 bde-image\" data-entrance=\"fade\">\n<figure class=\"breakdance-image breakdance-image--477\">\n\t<div class=\"breakdance-image-container\">\n\t\t<div class=\"breakdance-image-clip\"><img loading=\"lazy\" decoding=\"async\" class=\"breakdance-image-object\" src=\"https:\/\/lereboulet-courtage.com\/wp-content\/uploads\/2024\/06\/Capture-decran-2024-06-12-a-11.51.58-1.png\" width=\"1198\" height=\"1800\" srcset=\"https:\/\/lereboulet-courtage.com\/wp-content\/uploads\/2024\/06\/Capture-decran-2024-06-12-a-11.51.58-1.png 1198w, https:\/\/lereboulet-courtage.com\/wp-content\/uploads\/2024\/06\/Capture-decran-2024-06-12-a-11.51.58-1-200x300.png 200w, https:\/\/lereboulet-courtage.com\/wp-content\/uploads\/2024\/06\/Capture-decran-2024-06-12-a-11.51.58-1-682x1024.png 682w, https:\/\/lereboulet-courtage.com\/wp-content\/uploads\/2024\/06\/Capture-decran-2024-06-12-a-11.51.58-1-768x1154.png 768w, https:\/\/lereboulet-courtage.com\/wp-content\/uploads\/2024\/06\/Capture-decran-2024-06-12-a-11.51.58-1-1022x1536.png 1022w\" sizes=\"(max-width: 1198px) 100vw, 1198px\"><\/div>\n\t<\/div><\/figure>\n\n<\/div>\n<\/div><\/div><div class=\"bde-columns-15-207 bde-columns\"><div class=\"bde-column-15-208 bde-column\">\n  \n\t\n\n\n\n<div class=\"bde-image-15-209 bde-image\" data-entrance=\"fade\">\n<figure class=\"breakdance-image breakdance-image--301\">\n\t<div class=\"breakdance-image-container\">\n\t\t<div class=\"breakdance-image-clip\"><img loading=\"lazy\" decoding=\"async\" class=\"breakdance-image-object\" src=\"https:\/\/lereboulet-courtage.com\/wp-content\/uploads\/2024\/04\/346054394_684883836776784_8139123735380454611_n.jpg\" width=\"1920\" height=\"1080\" srcset=\"https:\/\/lereboulet-courtage.com\/wp-content\/uploads\/2024\/04\/346054394_684883836776784_8139123735380454611_n.jpg 1920w, https:\/\/lereboulet-courtage.com\/wp-content\/uploads\/2024\/04\/346054394_684883836776784_8139123735380454611_n-300x169.jpg 300w, https:\/\/lereboulet-courtage.com\/wp-content\/uploads\/2024\/04\/346054394_684883836776784_8139123735380454611_n-1024x576.jpg 1024w, https:\/\/lereboulet-courtage.com\/wp-content\/uploads\/2024\/04\/346054394_684883836776784_8139123735380454611_n-768x432.jpg 768w, https:\/\/lereboulet-courtage.com\/wp-content\/uploads\/2024\/04\/346054394_684883836776784_8139123735380454611_n-1536x864.jpg 1536w\" sizes=\"(max-width: 1920px) 100vw, 1920px\"><\/div>\n\t<\/div><\/figure>\n\n<\/div>\n<\/div><div class=\"bde-column-15-210 bde-column\">\n  \n\t\n\n\n\n<div class=\"bde-div-15-211 bde-div\" data-entrance=\"fade\">\n  \n\t\n\n\n\n<h3 class=\"bde-heading-15-212 bde-heading\">\nPourquoi nous choisir ?\n<\/h3><div class=\"bde-text-15-213 bde-text\">\nChoisir Lereboulet Courtage, c'est opter pour une approche qui place vos int\u00e9r\u00eats en premier. Notre engagement \u00e0 fournir des conseils personnalis\u00e9s et des solutions innovantes est le fondement de notre r\u00e9putation. Nous sommes l\u00e0 pour vous aider \u00e0 naviguer dans le monde complexe des assurances et des placements, avec la garantie d'un service qui d\u00e9passe vos attentes.\n<\/div>\n<\/div>\n<\/div><\/div><\/div>\n<\/section><section class=\"bde-section-15-148 bde-section\">\n  \n\t\n\n\n\n<div class=\"section-container\"><div class=\"bde-columns-15-149 bde-columns\" data-entrance=\"fade\"><div class=\"bde-column-15-150 bde-column\">\n  \n\t\n\n\n\n<div class=\"bde-div-15-151 bde-div\">\n  \n\t\n\n\n\n<div class=\"bde-icon-15-152 bde-icon\">\n\n    \n            <div class=\"bde-icon-icon breakdance-icon-atom\" >\n    \n                    <svg xmlns=\"http:\/\/www.w3.org\/2000\/svg\" width=\"24\" height=\"24\" viewBox=\"0 0 24 24\" fill=\"none\">\r\n<path d=\"M19.63 3.65C19.5138 3.55602 19.3781 3.48928 19.2327 3.45467C19.0873 3.42006 18.9361 3.41846 18.79 3.45C17.7214 3.67395 16.6183 3.6768 15.5486 3.45839C14.4789 3.23997 13.4652 2.80492 12.57 2.18C12.4026 2.06388 12.2037 2.00165 12 2.00165C11.7963 2.00165 11.5974 2.06388 11.43 2.18C10.5348 2.80492 9.52108 3.23997 8.45137 3.45839C7.38166 3.6768 6.27857 3.67395 5.21001 3.45C5.06394 3.41846 4.91267 3.42006 4.76731 3.45467C4.62194 3.48928 4.48618 3.55602 4.37001 3.65C4.25399 3.74412 4.16053 3.86304 4.0965 3.99802C4.03247 4.133 3.9995 4.28061 4.00001 4.43V11.88C3.99912 13.3138 4.34078 14.727 4.99654 16.002C5.6523 17.277 6.60319 18.3768 7.77001 19.21L11.42 21.81C11.5894 21.9306 11.7921 21.9954 12 21.9954C12.2079 21.9954 12.4106 21.9306 12.58 21.81L16.23 19.21C17.3968 18.3768 18.3477 17.277 19.0035 16.002C19.6592 14.727 20.0009 13.3138 20 11.88V4.43C20.0005 4.28061 19.9675 4.133 19.9035 3.99802C19.8395 3.86304 19.746 3.74412 19.63 3.65ZM18 11.88C18.0008 12.9948 17.7353 14.0936 17.2257 15.085C16.716 16.0765 15.977 16.9319 15.07 17.58L12 19.77L8.93001 17.58C8.02304 16.9319 7.28399 16.0765 6.77435 15.085C6.26472 14.0936 5.99924 12.9948 6.00001 11.88V5.58C8.09643 5.75944 10.196 5.27303 12 4.19C13.804 5.27303 15.9036 5.75944 18 5.58V11.88ZM13.54 9.59L10.85 12.29L9.96001 11.39C9.7717 11.2017 9.51631 11.0959 9.25001 11.0959C8.9837 11.0959 8.72831 11.2017 8.54001 11.39C8.3517 11.5783 8.24591 11.8337 8.24591 12.1C8.24591 12.3663 8.3517 12.6217 8.54001 12.81L10.14 14.41C10.233 14.5037 10.3436 14.5781 10.4654 14.6289C10.5873 14.6797 10.718 14.7058 10.85 14.7058C10.982 14.7058 11.1127 14.6797 11.2346 14.6289C11.3564 14.5781 11.467 14.5037 11.56 14.41L15 11C15.1883 10.8117 15.2941 10.5563 15.2941 10.29C15.2941 10.0237 15.1883 9.76831 15 9.58C14.8117 9.3917 14.5563 9.28591 14.29 9.28591C14.0237 9.28591 13.7683 9.3917 13.58 9.58L13.54 9.59Z\" fill=\"#4E88C7\"\/>\r\n<\/svg>\n        \n        \n        \n            <\/div>\n    \n\n\n<\/div>\n<\/div><div class=\"bde-div-15-153 bde-div\">\n  \n\t\n\n\n\n<h4 class=\"bde-heading-15-154 bde-heading\">\nConfiance\n<\/h4><div class=\"bde-text-15-155 bde-text\">\nLa base de toutes nos relations\n<\/div>\n<\/div>\n<\/div><div class=\"bde-column-15-156 bde-column\">\n  \n\t\n\n\n\n<div class=\"bde-div-15-157 bde-div\">\n  \n\t\n\n\n\n<div class=\"bde-icon-15-158 bde-icon\">\n\n    \n            <div class=\"bde-icon-icon breakdance-icon-atom\" >\n    \n                    <svg xmlns=\"http:\/\/www.w3.org\/2000\/svg\" width=\"24\" height=\"24\" viewBox=\"0 0 24 24\" fill=\"none\">\r\n<path d=\"M12 2C9.87827 2 7.84344 2.84285 6.34315 4.34315C4.84285 5.84344 4 7.87827 4 10C4 15.4 11.05 21.5 11.35 21.76C11.5311 21.9149 11.7616 22.0001 12 22.0001C12.2384 22.0001 12.4689 21.9149 12.65 21.76C13 21.5 20 15.4 20 10C20 7.87827 19.1571 5.84344 17.6569 4.34315C16.1566 2.84285 14.1217 2 12 2V2ZM12 19.65C9.87 17.65 6 13.34 6 10C6 8.4087 6.63214 6.88258 7.75736 5.75736C8.88258 4.63214 10.4087 4 12 4C13.5913 4 15.1174 4.63214 16.2426 5.75736C17.3679 6.88258 18 8.4087 18 10C18 13.34 14.13 17.66 12 19.65ZM12 6C11.2089 6 10.4355 6.2346 9.77772 6.67412C9.11992 7.11365 8.60723 7.73836 8.30448 8.46927C8.00173 9.20017 7.92252 10.0044 8.07686 10.7804C8.2312 11.5563 8.61216 12.269 9.17157 12.8284C9.73098 13.3878 10.4437 13.7688 11.2196 13.9231C11.9956 14.0775 12.7998 13.9983 13.5307 13.6955C14.2616 13.3928 14.8864 12.8801 15.3259 12.2223C15.7654 11.5645 16 10.7911 16 10C16 8.93913 15.5786 7.92172 14.8284 7.17157C14.0783 6.42143 13.0609 6 12 6ZM12 12C11.6044 12 11.2178 11.8827 10.8889 11.6629C10.56 11.4432 10.3036 11.1308 10.1522 10.7654C10.0009 10.3999 9.96126 9.99778 10.0384 9.60982C10.1156 9.22186 10.3061 8.86549 10.5858 8.58579C10.8655 8.30608 11.2219 8.1156 11.6098 8.03843C11.9978 7.96126 12.3999 8.00087 12.7654 8.15224C13.1308 8.30362 13.4432 8.55996 13.6629 8.88886C13.8827 9.21776 14 9.60444 14 10C14 10.5304 13.7893 11.0391 13.4142 11.4142C13.0391 11.7893 12.5304 12 12 12Z\" fill=\"#4E88C7\"\/>\r\n<\/svg>\n        \n        \n        \n            <\/div>\n    \n\n\n<\/div>\n<\/div><div class=\"bde-div-15-159 bde-div\">\n  \n\t\n\n\n\n<h4 class=\"bde-heading-15-160 bde-heading\">\nProximit\u00e9\n<\/h4><div class=\"bde-text-15-161 bde-text\">\nNous nous adaptons \u00e0 \u00a0vos besoins\n<\/div>\n<\/div>\n<\/div><div class=\"bde-column-15-162 bde-column\">\n  \n\t\n\n\n\n<div class=\"bde-div-15-163 bde-div\">\n  \n\t\n\n\n\n<div class=\"bde-icon-15-164 bde-icon\">\n\n    \n            <div class=\"bde-icon-icon breakdance-icon-atom\" >\n    \n                    <svg xmlns=\"http:\/\/www.w3.org\/2000\/svg\" width=\"24\" height=\"24\" viewBox=\"0 0 24 24\" fill=\"none\">\r\n<path d=\"M21.3 10.08C21.019 9.74263 20.6674 9.47107 20.27 9.28445C19.8726 9.09784 19.439 9.00073 19 8.99998H14.44L15 7.56998C15.2329 6.94387 15.3105 6.27059 15.2261 5.6079C15.1416 4.94522 14.8977 4.31291 14.5152 3.76521C14.1327 3.21752 13.623 2.77078 13.0299 2.46333C12.4369 2.15587 11.778 1.99688 11.11 1.99998C10.9176 2.00038 10.7295 2.05626 10.5681 2.16091C10.4067 2.26555 10.2789 2.41453 10.2 2.58998L7.35 8.99998H5C4.20435 8.99998 3.44129 9.31605 2.87868 9.87866C2.31607 10.4413 2 11.2043 2 12V19C2 19.7956 2.31607 20.5587 2.87868 21.1213C3.44129 21.6839 4.20435 22 5 22H17.73C18.4318 21.9997 19.1113 21.7535 19.6503 21.304C20.1893 20.8545 20.5537 20.2303 20.68 19.54L21.95 12.54C22.0286 12.1074 22.011 11.6628 21.8987 11.2377C21.7864 10.8126 21.582 10.4173 21.3 10.08ZM7 20H5C4.73478 20 4.48043 19.8946 4.29289 19.7071C4.10536 19.5196 4 19.2652 4 19V12C4 11.7348 4.10536 11.4804 4.29289 11.2929C4.48043 11.1053 4.73478 11 5 11H7V20ZM20 12.18L18.73 19.18C18.6874 19.4129 18.5635 19.6232 18.3804 19.7734C18.1973 19.9235 17.9668 20.0038 17.73 20H9V10.21L11.72 4.08998C12 4.17161 12.26 4.31039 12.4837 4.49757C12.7073 4.68474 12.8897 4.91625 13.0194 5.17748C13.1491 5.4387 13.2232 5.72397 13.2371 6.01528C13.2509 6.30659 13.2043 6.59762 13.1 6.86998L12.57 8.29998C12.4571 8.60224 12.4189 8.92733 12.4589 9.24751C12.4988 9.5677 12.6156 9.87347 12.7993 10.1387C12.983 10.404 13.2282 10.6208 13.5139 10.7708C13.7996 10.9208 14.1173 10.9994 14.44 11H19C19.1469 10.9997 19.2921 11.0319 19.4252 11.0941C19.5582 11.1563 19.676 11.2471 19.77 11.36C19.8663 11.4713 19.9369 11.6025 19.9767 11.7443C20.0164 11.886 20.0244 12.0348 20 12.18Z\" fill=\"#4E88C7\"\/>\r\n<\/svg>\n        \n        \n        \n            <\/div>\n    \n\n\n<\/div>\n<\/div><div class=\"bde-div-15-165 bde-div\">\n  \n\t\n\n\n\n<h4 class=\"bde-heading-15-166 bde-heading\">\nInt\u00e9grit\u00e9\n<\/h4><div class=\"bde-text-15-167 bde-text\">\nAgir avec honn\u00eatet\u00e9 et transparence\n<\/div>\n<\/div>\n<\/div><\/div><\/div>\n<\/section>","protected":false},"excerpt":{"rendered":"<p>Qui sommes-nous ? En savoir plus Notre histoire Depuis notre cr\u00e9ation en 2022, Lereboulet Courtage a parcouru un long chemin pour devenir un leader reconnu dans le domaine des assurances et des placements financiers. Notre parcours est jalonn\u00e9 de succ\u00e8s, guid\u00e9 par notre passion pour l&rsquo;excellence et notre d\u00e9sir d&rsquo;innover constamment pour nos clients. D&rsquo;une [&hellip;]<\/p>\n","protected":false},"author":1,"featured_media":0,"parent":0,"menu_order":0,"comment_status":"closed","ping_status":"closed","template":"","meta":{"_breakdance_hide_in_design_set":false,"_breakdance_tags":"","footnotes":""},"_links":{"self":[{"href":"https:\/\/lereboulet-courtage.com\/index.php\/wp-json\/wp\/v2\/pages\/15"}],"collection":[{"href":"https:\/\/lereboulet-courtage.com\/index.php\/wp-json\/wp\/v2\/pages"}],"about":[{"href":"https:\/\/lereboulet-courtage.com\/index.php\/wp-json\/wp\/v2\/types\/page"}],"author":[{"embeddable":true,"href":"https:\/\/lereboulet-courtage.com\/index.php\/wp-json\/wp\/v2\/users\/1"}],"replies":[{"embeddable":true,"href":"https:\/\/lereboulet-courtage.com\/index.php\/wp-json\/wp\/v2\/comments?post=15"}],"version-history":[{"count":45,"href":"https:\/\/lereboulet-courtage.com\/index.php\/wp-json\/wp\/v2\/pages\/15\/revisions"}],"predecessor-version":[{"id":502,"href":"https:\/\/lereboulet-courtage.com\/index.php\/wp-json\/wp\/v2\/pages\/15\/revisions\/502"}],"wp:attachment":[{"href":"https:\/\/lereboulet-courtage.com\/index.php\/wp-json\/wp\/v2\/media?parent=15"}],"curies":[{"name":"wp","href":"https:\/\/api.w.org\/{rel}","templated":true}]}}